{"id":406,"date":"2021-05-07T07:11:09","date_gmt":"2021-05-07T07:11:09","guid":{"rendered":"https:\/\/mali-losinj.dominikgombar.from.hr\/?page_id=406"},"modified":"2023-03-28T10:10:47","modified_gmt":"2023-03-28T10:10:47","slug":"home","status":"publish","type":"page","link":"https:\/\/mali-losinj.dominikgombar.from.hr\/","title":{"rendered":"Po\u010detna"},"content":{"rendered":"\t\t<div data-elementor-type=\"wp-page\" data-elementor-id=\"406\" class=\"elementor elementor-406\">\n\t\t\t\t\t\t\t\t\t<section class=\"elementor-section elementor-top-section elementor-element elementor-element-05a150d elementor-section-height-min-height elementor-section-boxed elementor-section-height-default elementor-section-items-middle\" data-id=\"05a150d\" data-element_type=\"section\" data-settings=\"{&quot;background_background&quot;:&quot;classic&quot;}\">\n\t\t\t\t\t\t\t<div class=\"elementor-background-overlay\"><\/div>\n\t\t\t\t\t\t\t<div class=\"elementor-container elementor-column-gap-no\">\n\t\t\t\t\t<div class=\"elementor-column elementor-col-100 elementor-top-column elementor-element elementor-element-15a26f7 elementor-invisible\" data-id=\"15a26f7\" data-element_type=\"column\" data-settings=\"{&quot;animation&quot;:&quot;fadeInUp&quot;}\">\n\t\t\t<div class=\"elementor-widget-wrap elementor-element-populated\">\n\t\t\t\t\t\t\t\t<div class=\"elementor-element elementor-element-6ad8375 elementor-widget elementor-widget-heading\" data-id=\"6ad8375\" data-element_type=\"widget\" data-widget_type=\"heading.default\">\n\t\t\t\t<div class=\"elementor-widget-container\">\n\t\t\t<style>\/*! elementor - v3.11.3 - 07-03-2023 *\/\n.elementor-heading-title{padding:0;margin:0;line-height:1}.elementor-widget-heading .elementor-heading-title[class*=elementor-size-]>a{color:inherit;font-size:inherit;line-height:inherit}.elementor-widget-heading .elementor-heading-title.elementor-size-small{font-size:15px}.elementor-widget-heading .elementor-heading-title.elementor-size-medium{font-size:19px}.elementor-widget-heading .elementor-heading-title.elementor-size-large{font-size:29px}.elementor-widget-heading .elementor-heading-title.elementor-size-xl{font-size:39px}.elementor-widget-heading .elementor-heading-title.elementor-size-xxl{font-size:59px}<\/style><h1 class=\"elementor-heading-title elementor-size-default\">Mali Lo\u0161inj<\/h1>\t\t<\/div>\n\t\t\t\t<\/div>\n\t\t\t\t<div class=\"elementor-element elementor-element-9b3ad04 elementor-widget elementor-widget-text-editor\" data-id=\"9b3ad04\" data-element_type=\"widget\" data-widget_type=\"text-editor.default\">\n\t\t\t\t<div class=\"elementor-widget-container\">\n\t\t\t<style>\/*! elementor - v3.11.3 - 07-03-2023 *\/\n.elementor-widget-text-editor.elementor-drop-cap-view-stacked .elementor-drop-cap{background-color:#818a91;color:#fff}.elementor-widget-text-editor.elementor-drop-cap-view-framed .elementor-drop-cap{color:#818a91;border:3px solid;background-color:transparent}.elementor-widget-text-editor:not(.elementor-drop-cap-view-default) .elementor-drop-cap{margin-top:8px}.elementor-widget-text-editor:not(.elementor-drop-cap-view-default) .elementor-drop-cap-letter{width:1em;height:1em}.elementor-widget-text-editor .elementor-drop-cap{float:left;text-align:center;line-height:1;font-size:50px}.elementor-widget-text-editor .elementor-drop-cap-letter{display:inline-block}<\/style>\t\t\t\t<p>Bistro more, \u010dist zrak, bogatstvo flore i faune, blaga mediteranska klima odlike su cresko \u2013 lo\u0161injske oto\u010dne skupine koja se prote\u017ee od sjeverozapada prema jugoistoku u du\u017eini od 99 kilometara. Nekad samo jedan otok, a danas jedno od najrazvedenijih oto\u010dja na Jadranu sa\u010dinjavaju ga otoci Lo\u0161inj, Cres, Unije, Ilovik, Vele i Male Srakane i Susak.<\/p>\t\t\t\t\t\t<\/div>\n\t\t\t\t<\/div>\n\t\t\t\t<div class=\"elementor-element elementor-element-13fd77c elementor-widget elementor-widget-button\" data-id=\"13fd77c\" data-element_type=\"widget\" data-widget_type=\"button.default\">\n\t\t\t\t<div class=\"elementor-widget-container\">\n\t\t\t\t\t<div class=\"elementor-button-wrapper\">\n\t\t\t<a href=\"http:\/\/mali-losinj.dominikgombar.from.hr\/?page_id=440\" class=\"elementor-button-link elementor-button elementor-size-sm\" role=\"button\">\n\t\t\t\t\t\t<span class=\"elementor-button-content-wrapper\">\n\t\t\t\t\t\t<span class=\"elementor-button-text\">Saznaj Vi\u0161e \u2192<\/span>\n\t\t<\/span>\n\t\t\t\t\t<\/a>\n\t\t<\/div>\n\t\t\t\t<\/div>\n\t\t\t\t<\/div>\n\t\t\t\t\t<\/div>\n\t\t<\/div>\n\t\t\t\t\t\t\t<\/div>\n\t\t<\/section>\n\t\t\t\t\t\t\t<\/div>\n\t\t","protected":false},"excerpt":{"rendered":"<p>Mali Lo\u0161inj Bistro more, \u010dist zrak, bogatstvo flore i faune, blaga mediteranska klima odlike su cresko \u2013 lo\u0161injske oto\u010dne skupine koja se prote\u017ee od sjeverozapada prema jugoistoku u du\u017eini od 99 kilometara. Nekad samo jedan otok, a danas jedno od najrazvedenijih oto\u010dja na Jadranu sa\u010dinjavaju ga otoci Lo\u0161inj, Cres, Unije, Ilovik, Vele i Male Srakane &hellip;<\/p>\n<p class=\"read-more\"> <a class=\"\" href=\"https:\/\/mali-losinj.dominikgombar.from.hr\/\"> <span class=\"screen-reader-text\">Po\u010detna<\/span> Read More &raquo;<\/a><\/p>\n","protected":false},"author":1,"featured_media":0,"parent":0,"menu_order":0,"comment_status":"closed","ping_status":"closed","template":"","meta":{"site-sidebar-layout":"no-sidebar","site-content-layout":"page-builder","ast-global-header-display":"","ast-main-header-display":"","ast-hfb-above-header-display":"","ast-hfb-below-header-display":"","ast-hfb-mobile-header-display":"","site-post-title":"disabled","ast-breadcrumbs-content":"","ast-featured-img":"disabled","footer-sml-layout":"","theme-transparent-header-meta":"enabled","adv-header-id-meta":"","stick-header-meta":"","header-above-stick-meta":"","header-main-stick-meta":"","header-below-stick-meta":"","footnotes":""},"class_list":["post-406","page","type-page","status-publish","hentry"],"_links":{"self":[{"href":"https:\/\/mali-losinj.dominikgombar.from.hr\/index.php?rest_route=\/wp\/v2\/pages\/406","targetHints":{"allow":["GET"]}}],"collection":[{"href":"https:\/\/mali-losinj.dominikgombar.from.hr\/index.php?rest_route=\/wp\/v2\/pages"}],"about":[{"href":"https:\/\/mali-losinj.dominikgombar.from.hr\/index.php?rest_route=\/wp\/v2\/types\/page"}],"author":[{"embeddable":true,"href":"https:\/\/mali-losinj.dominikgombar.from.hr\/index.php?rest_route=\/wp\/v2\/users\/1"}],"replies":[{"embeddable":true,"href":"https:\/\/mali-losinj.dominikgombar.from.hr\/index.php?rest_route=%2Fwp%2Fv2%2Fcomments&post=406"}],"version-history":[{"count":35,"href":"https:\/\/mali-losinj.dominikgombar.from.hr\/index.php?rest_route=\/wp\/v2\/pages\/406\/revisions"}],"predecessor-version":[{"id":513,"href":"https:\/\/mali-losinj.dominikgombar.from.hr\/index.php?rest_route=\/wp\/v2\/pages\/406\/revisions\/513"}],"wp:attachment":[{"href":"https:\/\/mali-losinj.dominikgombar.from.hr\/index.php?rest_route=%2Fwp%2Fv2%2Fmedia&parent=406"}],"curies":[{"name":"wp","href":"https:\/\/api.w.org\/{rel}","templated":true}]}}